{"id":812,"date":"2025-10-10T10:16:11","date_gmt":"2025-10-10T08:16:11","guid":{"rendered":"https:\/\/www.luamira.com\/?page_id=812"},"modified":"2026-01-20T23:42:28","modified_gmt":"2026-01-20T22:42:28","slug":"newsletter","status":"publish","type":"page","link":"https:\/\/www.luamira.com\/en\/newsletter\/","title":{"rendered":"Newsletter"},"content":{"rendered":"<div data-elementor-type=\"wp-page\" data-elementor-id=\"812\" class=\"elementor elementor-812\">\n\t\t\t\t<div class=\"elementor-element elementor-element-47478aa5 e-flex e-con-boxed e-con e-parent\" data-id=\"47478aa5\" data-element_type=\"container\" data-e-type=\"container\" data-settings=\"{&quot;background_background&quot;:&quot;classic&quot;,&quot;shape_divider_bottom&quot;:&quot;waves&quot;,&quot;shape_divider_bottom_negative&quot;:&quot;yes&quot;}\">\n\t\t\t\t\t<div class=\"e-con-inner\">\n\t\t\t\t<div class=\"elementor-shape elementor-shape-bottom\" aria-hidden=\"true\" data-negative=\"true\">\n\t\t\t<svg xmlns=\"http:\/\/www.w3.org\/2000\/svg\" viewbox=\"0 0 1000 100\" preserveaspectratio=\"none\">\n\t<path class=\"elementor-shape-fill\" d=\"M790.5,93.1c-59.3-5.3-116.8-18-192.6-50c-29.6-12.7-76.9-31-100.5-35.9c-23.6-4.9-52.6-7.8-75.5-5.3\tc-10.2,1.1-22.6,1.4-50.1,7.4c-27.2,6.3-58.2,16.6-79.4,24.7c-41.3,15.9-94.9,21.9-134,22.6C72,58.2,0,25.8,0,25.8V100h1000V65.3\tc0,0-51.5,19.4-106.2,25.7C839.5,97,814.1,95.2,790.5,93.1z\"\/>\n<\/svg>\t\t<\/div>\n\t\t<div class=\"elementor-element elementor-element-72b0ea5e e-con-full e-flex e-con e-child\" data-id=\"72b0ea5e\" data-element_type=\"container\" data-e-type=\"container\">\n\t\t\t\t<div class=\"elementor-element elementor-element-613b4f03 elementor-widget elementor-widget-text-editor\" data-id=\"613b4f03\" data-element_type=\"widget\" data-e-type=\"widget\" data-widget_type=\"text-editor.default\">\n\t\t\t\t\t\t\t\t\t<div class=\"elementor-element elementor-element-0dca541 elementor-widget elementor-widget-text-editor\" data-id=\"0dca541\" data-element_type=\"widget\" data-widget_type=\"text-editor.default\"><p><strong>Subscribe to the LUAMIRA newsletter<\/strong><\/p><\/div>\t\t\t\t\t\t\t\t<\/div>\n\t\t\t\t<div class=\"elementor-element elementor-element-4453121d elementor-widget elementor-widget-heading\" data-id=\"4453121d\" data-element_type=\"widget\" data-e-type=\"widget\" data-widget_type=\"heading.default\">\n\t\t\t\t\t<h1 class=\"elementor-heading-title elementor-size-default\">Inspiration &amp; Events delivered straight to your inbox<\/h1>\t\t\t\t<\/div>\n\t\t\t\t<div class=\"elementor-element elementor-element-407e5bc1 elementor-widget elementor-widget-text-editor\" data-id=\"407e5bc1\" data-element_type=\"widget\" data-e-type=\"widget\" data-widget_type=\"text-editor.default\">\n\t\t\t\t\t\t\t\t\t<p>Don\u2019t miss new live events, favourite hosts or special themed evenings anymore. <br \/>You\u2019ll receive exclusive insights, tips and recommendations, lovingly curated for women like you.<\/p>\t\t\t\t\t\t\t\t<\/div>\n\t\t<div class=\"elementor-element elementor-element-0aa0485 e-con-full e-flex e-con e-child\" data-id=\"0aa0485\" data-element_type=\"container\" data-e-type=\"container\">\n\t\t<div class=\"elementor-element elementor-element-a597078 e-con-full e-flex e-con e-child\" data-id=\"a597078\" data-element_type=\"container\" data-e-type=\"container\">\n\t\t\t\t<div class=\"elementor-element elementor-element-7d1e000 elementor-widget__width-initial elementor-widget elementor-widget-text-editor\" data-id=\"7d1e000\" data-element_type=\"widget\" data-e-type=\"widget\" data-widget_type=\"text-editor.default\">\n\t\t\t\t\t\t\t\t\t<p style=\"text-align: center;\">Subscribe to our newsletter and receive a 30% discount code for your first spark event as a thank you .<\/p>\t\t\t\t\t\t\t\t<\/div>\n\t\t\t\t<div class=\"elementor-element elementor-element-9ddb5a2 elementor-align-center elementor-widget elementor-widget-button\" data-id=\"9ddb5a2\" data-element_type=\"widget\" data-e-type=\"widget\" data-widget_type=\"button.default\">\n\t\t\t\t\t\t\t\t\t\t<a class=\"elementor-button elementor-button-link elementor-size-sm\" href=\"https:\/\/luamira.substack.com\/subscribe\">\n\t\t\t\t\t\t<span class=\"elementor-button-content-wrapper\">\n\t\t\t\t\t\t\t\t\t<span class=\"elementor-button-text\">Subscribe to newsletter<\/span>\n\t\t\t\t\t<\/span>\n\t\t\t\t\t<\/a>\n\t\t\t\t\t\t\t\t<\/div>\n\t\t\t\t<\/div>\n\t\t<div class=\"elementor-element elementor-element-9596608 e-con-full e-flex e-con e-child\" data-id=\"9596608\" data-element_type=\"container\" data-e-type=\"container\">\n\t\t\t\t<div class=\"elementor-element elementor-element-528088a elementor-widget elementor-widget-image\" data-id=\"528088a\" data-element_type=\"widget\" data-e-type=\"widget\" data-widget_type=\"image.default\">\n\t\t\t\t\t\t\t\t\t\t\t\t\t\t\t<img fetchpriority=\"high\" decoding=\"async\" width=\"2560\" height=\"1440\" src=\"https:\/\/www.luamira.com\/wp-content\/uploads\/2025\/10\/Graphik-Newsletter-scaled.png\" class=\"attachment-full size-full wp-image-909\" alt=\"\" srcset=\"https:\/\/www.luamira.com\/wp-content\/uploads\/2025\/10\/Graphik-Newsletter-scaled.png 2560w, https:\/\/www.luamira.com\/wp-content\/uploads\/2025\/10\/Graphik-Newsletter-300x169.png 300w, https:\/\/www.luamira.com\/wp-content\/uploads\/2025\/10\/Graphik-Newsletter-1024x576.png 1024w, https:\/\/www.luamira.com\/wp-content\/uploads\/2025\/10\/Graphik-Newsletter-768x432.png 768w, https:\/\/www.luamira.com\/wp-content\/uploads\/2025\/10\/Graphik-Newsletter-1536x864.png 1536w, https:\/\/www.luamira.com\/wp-content\/uploads\/2025\/10\/Graphik-Newsletter-2048x1152.png 2048w, https:\/\/www.luamira.com\/wp-content\/uploads\/2025\/10\/Graphik-Newsletter-1000x563.png 1000w\" sizes=\"(max-width: 2560px) 100vw, 2560px\" \/>\t\t\t\t\t\t\t\t\t\t\t\t\t\t\t<\/div>\n\t\t\t\t<\/div>\n\t\t\t\t<\/div>\n\t\t\t\t<\/div>\n\t\t\t\t\t<\/div>\n\t\t\t\t<\/div>\n\t\t<div class=\"elementor-element elementor-element-f11dff8 e-flex e-con-boxed e-con e-parent\" data-id=\"f11dff8\" data-element_type=\"container\" data-e-type=\"container\" data-settings=\"{&quot;background_background&quot;:&quot;classic&quot;}\">\n\t\t\t\t\t<div class=\"e-con-inner\">\n\t\t\t\t<div class=\"elementor-element elementor-element-122dabf8 elementor-widget elementor-widget-text-editor\" data-id=\"122dabf8\" data-element_type=\"widget\" data-e-type=\"widget\" data-widget_type=\"text-editor.default\">\n\t\t\t\t\t\t\t\t\t<p><strong>Authentic people. Authentic conversations. Authentic moments.<\/strong><\/p>\t\t\t\t\t\t\t\t<\/div>\n\t\t\t\t<div class=\"elementor-element elementor-element-127fe021 elementor-widget elementor-widget-heading\" data-id=\"127fe021\" data-element_type=\"widget\" data-e-type=\"widget\" data-widget_type=\"heading.default\">\n\t\t\t\t\t<h2 class=\"elementor-heading-title elementor-size-default\">How does Luamira work?<\/h2>\t\t\t\t<\/div>\n\t\t<div class=\"elementor-element elementor-element-4657b186 e-con-full e-flex e-con e-child\" data-id=\"4657b186\" data-element_type=\"container\" data-e-type=\"container\">\n\t\t<div class=\"elementor-element elementor-element-3cc86830 e-con-full e-flex e-con e-child\" data-id=\"3cc86830\" data-element_type=\"container\" data-e-type=\"container\">\n\t\t<div class=\"elementor-element elementor-element-2b9aed3f e-con-full e-flex e-con e-child\" data-id=\"2b9aed3f\" data-element_type=\"container\" data-e-type=\"container\">\n\t\t\t\t<div class=\"elementor-element elementor-element-4cf44af0 elementor-widget elementor-widget-image\" data-id=\"4cf44af0\" data-element_type=\"widget\" data-e-type=\"widget\" data-widget_type=\"image.default\">\n\t\t\t\t\t\t\t\t\t\t\t\t\t\t\t<img decoding=\"async\" width=\"2376\" height=\"1336\" src=\"https:\/\/www.luamira.com\/wp-content\/uploads\/2025\/10\/Luamira-Collage-1-2.png\" class=\"attachment-full size-full wp-image-712\" alt=\"\" srcset=\"https:\/\/www.luamira.com\/wp-content\/uploads\/2025\/10\/Luamira-Collage-1-2.png 2376w, https:\/\/www.luamira.com\/wp-content\/uploads\/2025\/10\/Luamira-Collage-1-2-300x169.png 300w, https:\/\/www.luamira.com\/wp-content\/uploads\/2025\/10\/Luamira-Collage-1-2-1024x576.png 1024w, https:\/\/www.luamira.com\/wp-content\/uploads\/2025\/10\/Luamira-Collage-1-2-768x432.png 768w, https:\/\/www.luamira.com\/wp-content\/uploads\/2025\/10\/Luamira-Collage-1-2-1536x864.png 1536w, https:\/\/www.luamira.com\/wp-content\/uploads\/2025\/10\/Luamira-Collage-1-2-2048x1152.png 2048w, https:\/\/www.luamira.com\/wp-content\/uploads\/2025\/10\/Luamira-Collage-1-2-1000x563.png 1000w\" sizes=\"(max-width: 2376px) 100vw, 2376px\" \/>\t\t\t\t\t\t\t\t\t\t\t\t\t\t\t<\/div>\n\t\t\t\t<\/div>\n\t\t<div class=\"elementor-element elementor-element-3af9508 e-con-full e-flex e-con e-child\" data-id=\"3af9508\" data-element_type=\"container\" data-e-type=\"container\">\n\t\t\t\t<div class=\"elementor-element elementor-element-4c41ecba elementor-widget elementor-widget-text-editor\" data-id=\"4c41ecba\" data-element_type=\"widget\" data-e-type=\"widget\" data-widget_type=\"text-editor.default\">\n\t\t\t\t\t\t\t\t\t<p>LUAMIRA is the live platform for mothers who want to reconnect with themselves, exchange with others and unfold their creativity - all from the comfort of home. Here\u2019s how it works:<\/p>\t\t\t\t\t\t\t\t<\/div>\n\t\t\t\t<div class=\"elementor-element elementor-element-71103096 elementor-icon-list--layout-traditional elementor-list-item-link-full_width elementor-widget elementor-widget-icon-list\" data-id=\"71103096\" data-element_type=\"widget\" data-e-type=\"widget\" data-widget_type=\"icon-list.default\">\n\t\t\t\t\t\t\t<ul class=\"elementor-icon-list-items\">\n\t\t\t\t\t\t\t<li class=\"elementor-icon-list-item\">\n\t\t\t\t\t\t\t\t\t\t\t<span class=\"elementor-icon-list-icon\">\n\t\t\t\t\t\t\t<svg aria-hidden=\"true\" class=\"e-font-icon-svg e-fas-chevron-circle-right\" viewbox=\"0 0 512 512\" xmlns=\"http:\/\/www.w3.org\/2000\/svg\"><path d=\"M256 8c137 0 248 111 248 248S393 504 256 504 8 393 8 256 119 8 256 8zm113.9 231L234.4 103.5c-9.4-9.4-24.6-9.4-33.9 0l-17 17c-9.4 9.4-9.4 24.6 0 33.9L285.1 256 183.5 357.6c-9.4 9.4-9.4 24.6 0 33.9l17 17c9.4 9.4 24.6 9.4 33.9 0L369.9 273c9.4-9.4 9.4-24.6 0-34z\"><\/path><\/svg>\t\t\t\t\t\t<\/span>\n\t\t\t\t\t\t\t\t\t\t<span class=\"elementor-icon-list-text\">Choose your live event<\/span>\n\t\t\t\t\t\t\t\t\t<\/li>\n\t\t\t\t\t\t\t\t<li class=\"elementor-icon-list-item\">\n\t\t\t\t\t\t\t\t\t\t\t<span class=\"elementor-icon-list-icon\">\n\t\t\t\t\t\t\t<svg aria-hidden=\"true\" class=\"e-font-icon-svg e-fas-chevron-circle-right\" viewbox=\"0 0 512 512\" xmlns=\"http:\/\/www.w3.org\/2000\/svg\"><path d=\"M256 8c137 0 248 111 248 248S393 504 256 504 8 393 8 256 119 8 256 8zm113.9 231L234.4 103.5c-9.4-9.4-24.6-9.4-33.9 0l-17 17c-9.4 9.4-9.4 24.6 0 33.9L285.1 256 183.5 357.6c-9.4 9.4-9.4 24.6 0 33.9l17 17c9.4 9.4 24.6 9.4 33.9 0L369.9 273c9.4-9.4 9.4-24.6 0-34z\"><\/path><\/svg>\t\t\t\t\t\t<\/span>\n\t\t\t\t\t\t\t\t\t\t<span class=\"elementor-icon-list-text\">Simply book your spot online<\/span>\n\t\t\t\t\t\t\t\t\t<\/li>\n\t\t\t\t\t\t\t\t<li class=\"elementor-icon-list-item\">\n\t\t\t\t\t\t\t\t\t\t\t<span class=\"elementor-icon-list-icon\">\n\t\t\t\t\t\t\t<svg aria-hidden=\"true\" class=\"e-font-icon-svg e-fas-chevron-circle-right\" viewbox=\"0 0 512 512\" xmlns=\"http:\/\/www.w3.org\/2000\/svg\"><path d=\"M256 8c137 0 248 111 248 248S393 504 256 504 8 393 8 256 119 8 256 8zm113.9 231L234.4 103.5c-9.4-9.4-24.6-9.4-33.9 0l-17 17c-9.4 9.4-9.4 24.6 0 33.9L285.1 256 183.5 357.6c-9.4 9.4-9.4 24.6 0 33.9l17 17c9.4 9.4 24.6 9.4 33.9 0L369.9 273c9.4-9.4 9.4-24.6 0-34z\"><\/path><\/svg>\t\t\t\t\t\t<\/span>\n\t\t\t\t\t\t\t\t\t\t<span class=\"elementor-icon-list-text\">Make yourself comfortable &amp; join in<\/span>\n\t\t\t\t\t\t\t\t\t<\/li>\n\t\t\t\t\t\t<\/ul>\n\t\t\t\t\t\t<\/div>\n\t\t<div class=\"elementor-element elementor-element-7ddde3d e-con-full e-flex e-con e-child\" data-id=\"7ddde3d\" data-element_type=\"container\" data-e-type=\"container\">\n\t\t\t\t<div class=\"elementor-element elementor-element-ea63782 elementor-widget elementor-widget-button\" data-id=\"ea63782\" data-element_type=\"widget\" data-e-type=\"widget\" data-widget_type=\"button.default\">\n\t\t\t\t\t\t\t\t\t\t<a class=\"elementor-button elementor-button-link elementor-size-sm\" href=\"https:\/\/www.luamira.com\/en\/alle-events\/\">\n\t\t\t\t\t\t<span class=\"elementor-button-content-wrapper\">\n\t\t\t\t\t\t\t\t\t<span class=\"elementor-button-text\">FIND YOUR EVENT<\/span>\n\t\t\t\t\t<\/span>\n\t\t\t\t\t<\/a>\n\t\t\t\t\t\t\t\t<\/div>\n\t\t\t\t<\/div>\n\t\t\t\t<\/div>\n\t\t\t\t<\/div>\n\t\t\t\t<\/div>\n\t\t\t\t\t<\/div>\n\t\t\t\t<\/div>\n\t\t\t\t<\/div>","protected":false},"excerpt":{"rendered":"<p>Abonniere den LUAMIRA Newsletter Inspiration &amp; Events direkt in Dein Postfach Verpasse keine neuen Live-Events, Lieblingshosts oder besonderen Themenabende mehr. Du bekommst exklusive Einblicke, Tipps und Empfehlungen \u2013 liebevoll kuratiert f\u00fcr Frauen wie dich. Abonniere unseren Newsletter und erhalte als Belohnung einen 3o% Gutschein auf Dein erstes Abendfunke Event bei uns. Newsletter abonnieren Echte Menschen. Echte Gespr\u00e4che. Echte Momente Wie funktioniert Luamira? LUAMIRA ist die Live-Plattform f\u00fcr M\u00fctter, die sich wieder sp\u00fcren, austauschen und kreativ entfalten wollen &#8211; ganz entspannt von zuhause aus. So funktioniert es: W\u00e4hle dein Live-Event Buche deinen Platz ganz einfach online Mach es dir bequem &amp; nimm teil FinDe Dein Event<\/p>","protected":false},"author":1,"featured_media":0,"parent":0,"menu_order":0,"comment_status":"closed","ping_status":"closed","template":"","meta":{"footnotes":""},"class_list":["post-812","page","type-page","status-publish","hentry"],"yoast_head":"<!-- This site is optimized with the Yoast SEO plugin v27.0 - https:\/\/yoast.com\/product\/yoast-seo-wordpress\/ -->\n<title>Newsletter - Luamira: Your Night, your moment<\/title>\n<meta name=\"description\" content=\"Abonniere den LUAMIRA-Newsletter und erhalte w\u00f6chentlich Inspiration f\u00fcr deine Abend-Me-Time: Events und Kreativimpulse f\u00fcr M\u00fctter\" \/>\n<meta name=\"robots\" content=\"index, follow, max-snippet:-1, max-image-preview:large, max-video-preview:-1\" \/>\n<link rel=\"canonical\" href=\"https:\/\/www.luamira.com\/en\/newsletter\/\" \/>\n<meta property=\"og:locale\" content=\"en_US\" \/>\n<meta property=\"og:type\" content=\"article\" \/>\n<meta property=\"og:title\" content=\"Newsletter - Luamira: Your Night, your moment\" \/>\n<meta property=\"og:description\" content=\"Abonniere den LUAMIRA-Newsletter und erhalte w\u00f6chentlich Inspiration f\u00fcr deine Abend-Me-Time: Events und Kreativimpulse f\u00fcr M\u00fctter\" \/>\n<meta property=\"og:url\" content=\"https:\/\/www.luamira.com\/en\/newsletter\/\" \/>\n<meta property=\"og:site_name\" content=\"Luamira: Your Night, your moment\" \/>\n<meta property=\"article:modified_time\" content=\"2026-01-20T22:42:28+00:00\" \/>\n<meta property=\"og:image\" content=\"https:\/\/www.luamira.com\/wp-content\/uploads\/2025\/10\/Graphik-Newsletter-scaled.png\" \/>\n\t<meta property=\"og:image:width\" content=\"2560\" \/>\n\t<meta property=\"og:image:height\" content=\"1440\" \/>\n\t<meta property=\"og:image:type\" content=\"image\/png\" \/>\n<meta name=\"twitter:card\" content=\"summary_large_image\" \/>\n<meta name=\"twitter:label1\" content=\"Est. reading time\" \/>\n\t<meta name=\"twitter:data1\" content=\"1 minute\" \/>\n<script type=\"application\/ld+json\" class=\"yoast-schema-graph\">{\"@context\":\"https:\/\/schema.org\",\"@graph\":[{\"@type\":\"WebPage\",\"@id\":\"https:\/\/www.luamira.com\/newsletter\/\",\"url\":\"https:\/\/www.luamira.com\/newsletter\/\",\"name\":\"Newsletter - Luamira: Your Night, your moment\",\"isPartOf\":{\"@id\":\"https:\/\/www.luamira.com\/#website\"},\"primaryImageOfPage\":{\"@id\":\"https:\/\/www.luamira.com\/newsletter\/#primaryimage\"},\"image\":{\"@id\":\"https:\/\/www.luamira.com\/newsletter\/#primaryimage\"},\"thumbnailUrl\":\"https:\/\/www.luamira.com\/wp-content\/uploads\/2025\/10\/Graphik-Newsletter-scaled.png\",\"datePublished\":\"2025-10-10T08:16:11+00:00\",\"dateModified\":\"2026-01-20T22:42:28+00:00\",\"description\":\"Abonniere den LUAMIRA-Newsletter und erhalte w\u00f6chentlich Inspiration f\u00fcr deine Abend-Me-Time: Events und Kreativimpulse f\u00fcr M\u00fctter\",\"breadcrumb\":{\"@id\":\"https:\/\/www.luamira.com\/newsletter\/#breadcrumb\"},\"inLanguage\":\"en-US\",\"potentialAction\":[{\"@type\":\"ReadAction\",\"target\":[\"https:\/\/www.luamira.com\/newsletter\/\"]}]},{\"@type\":\"ImageObject\",\"inLanguage\":\"en-US\",\"@id\":\"https:\/\/www.luamira.com\/newsletter\/#primaryimage\",\"url\":\"https:\/\/www.luamira.com\/wp-content\/uploads\/2025\/10\/Graphik-Newsletter-scaled.png\",\"contentUrl\":\"https:\/\/www.luamira.com\/wp-content\/uploads\/2025\/10\/Graphik-Newsletter-scaled.png\"},{\"@type\":\"BreadcrumbList\",\"@id\":\"https:\/\/www.luamira.com\/newsletter\/#breadcrumb\",\"itemListElement\":[{\"@type\":\"ListItem\",\"position\":1,\"name\":\"Startseite\",\"item\":\"https:\/\/www.luamira.com\/\"},{\"@type\":\"ListItem\",\"position\":2,\"name\":\"Newsletter\"}]},{\"@type\":\"WebSite\",\"@id\":\"https:\/\/www.luamira.com\/#website\",\"url\":\"https:\/\/www.luamira.com\/\",\"name\":\"Luamira: Your Night, your moment\",\"description\":\"\",\"publisher\":{\"@id\":\"https:\/\/www.luamira.com\/#organization\"},\"potentialAction\":[{\"@type\":\"SearchAction\",\"target\":{\"@type\":\"EntryPoint\",\"urlTemplate\":\"https:\/\/www.luamira.com\/?s={search_term_string}\"},\"query-input\":{\"@type\":\"PropertyValueSpecification\",\"valueRequired\":true,\"valueName\":\"search_term_string\"}}],\"inLanguage\":\"en-US\"},{\"@type\":\"Organization\",\"@id\":\"https:\/\/www.luamira.com\/#organization\",\"name\":\"Luamira: Your Night, your moment\",\"url\":\"https:\/\/www.luamira.com\/\",\"logo\":{\"@type\":\"ImageObject\",\"inLanguage\":\"en-US\",\"@id\":\"https:\/\/www.luamira.com\/#\/schema\/logo\/image\/\",\"url\":\"https:\/\/www.luamira.com\/wp-content\/uploads\/2025\/09\/luamira-logo.png\",\"contentUrl\":\"https:\/\/www.luamira.com\/wp-content\/uploads\/2025\/09\/luamira-logo.png\",\"width\":300,\"height\":111,\"caption\":\"Luamira: Your Night, your moment\"},\"image\":{\"@id\":\"https:\/\/www.luamira.com\/#\/schema\/logo\/image\/\"}}]}<\/script>\n<!-- \/ Yoast SEO plugin. -->","yoast_head_json":{"title":"Newsletter - Luamira: Your Night, your moment","description":"Abonniere den LUAMIRA-Newsletter und erhalte w\u00f6chentlich Inspiration f\u00fcr deine Abend-Me-Time: Events und Kreativimpulse f\u00fcr M\u00fctter","robots":{"index":"index","follow":"follow","max-snippet":"max-snippet:-1","max-image-preview":"max-image-preview:large","max-video-preview":"max-video-preview:-1"},"canonical":"https:\/\/www.luamira.com\/en\/newsletter\/","og_locale":"en_US","og_type":"article","og_title":"Newsletter - Luamira: Your Night, your moment","og_description":"Abonniere den LUAMIRA-Newsletter und erhalte w\u00f6chentlich Inspiration f\u00fcr deine Abend-Me-Time: Events und Kreativimpulse f\u00fcr M\u00fctter","og_url":"https:\/\/www.luamira.com\/en\/newsletter\/","og_site_name":"Luamira: Your Night, your moment","article_modified_time":"2026-01-20T22:42:28+00:00","og_image":[{"width":2560,"height":1440,"url":"https:\/\/www.luamira.com\/wp-content\/uploads\/2025\/10\/Graphik-Newsletter-scaled.png","type":"image\/png"}],"twitter_card":"summary_large_image","twitter_misc":{"Est. reading time":"1 minute"},"schema":{"@context":"https:\/\/schema.org","@graph":[{"@type":"WebPage","@id":"https:\/\/www.luamira.com\/newsletter\/","url":"https:\/\/www.luamira.com\/newsletter\/","name":"Newsletter - Luamira: Your Night, your moment","isPartOf":{"@id":"https:\/\/www.luamira.com\/#website"},"primaryImageOfPage":{"@id":"https:\/\/www.luamira.com\/newsletter\/#primaryimage"},"image":{"@id":"https:\/\/www.luamira.com\/newsletter\/#primaryimage"},"thumbnailUrl":"https:\/\/www.luamira.com\/wp-content\/uploads\/2025\/10\/Graphik-Newsletter-scaled.png","datePublished":"2025-10-10T08:16:11+00:00","dateModified":"2026-01-20T22:42:28+00:00","description":"Abonniere den LUAMIRA-Newsletter und erhalte w\u00f6chentlich Inspiration f\u00fcr deine Abend-Me-Time: Events und Kreativimpulse f\u00fcr M\u00fctter","breadcrumb":{"@id":"https:\/\/www.luamira.com\/newsletter\/#breadcrumb"},"inLanguage":"en-US","potentialAction":[{"@type":"ReadAction","target":["https:\/\/www.luamira.com\/newsletter\/"]}]},{"@type":"ImageObject","inLanguage":"en-US","@id":"https:\/\/www.luamira.com\/newsletter\/#primaryimage","url":"https:\/\/www.luamira.com\/wp-content\/uploads\/2025\/10\/Graphik-Newsletter-scaled.png","contentUrl":"https:\/\/www.luamira.com\/wp-content\/uploads\/2025\/10\/Graphik-Newsletter-scaled.png"},{"@type":"BreadcrumbList","@id":"https:\/\/www.luamira.com\/newsletter\/#breadcrumb","itemListElement":[{"@type":"ListItem","position":1,"name":"Startseite","item":"https:\/\/www.luamira.com\/"},{"@type":"ListItem","position":2,"name":"Newsletter"}]},{"@type":"WebSite","@id":"https:\/\/www.luamira.com\/#website","url":"https:\/\/www.luamira.com\/","name":"Luamira: Your Night, your moment","description":"","publisher":{"@id":"https:\/\/www.luamira.com\/#organization"},"potentialAction":[{"@type":"SearchAction","target":{"@type":"EntryPoint","urlTemplate":"https:\/\/www.luamira.com\/?s={search_term_string}"},"query-input":{"@type":"PropertyValueSpecification","valueRequired":true,"valueName":"search_term_string"}}],"inLanguage":"en-US"},{"@type":"Organization","@id":"https:\/\/www.luamira.com\/#organization","name":"Luamira: Your Night, your moment","url":"https:\/\/www.luamira.com\/","logo":{"@type":"ImageObject","inLanguage":"en-US","@id":"https:\/\/www.luamira.com\/#\/schema\/logo\/image\/","url":"https:\/\/www.luamira.com\/wp-content\/uploads\/2025\/09\/luamira-logo.png","contentUrl":"https:\/\/www.luamira.com\/wp-content\/uploads\/2025\/09\/luamira-logo.png","width":300,"height":111,"caption":"Luamira: Your Night, your moment"},"image":{"@id":"https:\/\/www.luamira.com\/#\/schema\/logo\/image\/"}}]}},"_links":{"self":[{"href":"https:\/\/www.luamira.com\/en\/wp-json\/wp\/v2\/pages\/812","targetHints":{"allow":["GET"]}}],"collection":[{"href":"https:\/\/www.luamira.com\/en\/wp-json\/wp\/v2\/pages"}],"about":[{"href":"https:\/\/www.luamira.com\/en\/wp-json\/wp\/v2\/types\/page"}],"author":[{"embeddable":true,"href":"https:\/\/www.luamira.com\/en\/wp-json\/wp\/v2\/users\/1"}],"replies":[{"embeddable":true,"href":"https:\/\/www.luamira.com\/en\/wp-json\/wp\/v2\/comments?post=812"}],"version-history":[{"count":140,"href":"https:\/\/www.luamira.com\/en\/wp-json\/wp\/v2\/pages\/812\/revisions"}],"predecessor-version":[{"id":1713,"href":"https:\/\/www.luamira.com\/en\/wp-json\/wp\/v2\/pages\/812\/revisions\/1713"}],"wp:attachment":[{"href":"https:\/\/www.luamira.com\/en\/wp-json\/wp\/v2\/media?parent=812"}],"curies":[{"name":"wp","href":"https:\/\/api.w.org\/{rel}","templated":true}]}}