{"id":465,"date":"2025-09-29T10:39:41","date_gmt":"2025-09-29T08:39:41","guid":{"rendered":"https:\/\/www.luamira.com\/?page_id=465"},"modified":"2026-01-30T11:59:04","modified_gmt":"2026-01-30T10:59:04","slug":"storno","status":"publish","type":"page","link":"https:\/\/www.luamira.com\/en\/storno\/","title":{"rendered":"Stornierung einer Veranstaltung"},"content":{"rendered":"\t\t<div data-elementor-type=\"wp-page\" data-elementor-id=\"465\" class=\"elementor elementor-465\">\n\t\t\t\t<div class=\"elementor-element elementor-element-68f7a459 e-flex e-con-boxed e-con e-parent\" data-id=\"68f7a459\" data-element_type=\"container\" data-e-type=\"container\">\n\t\t\t\t\t<div class=\"e-con-inner\">\n\t\t\t\t<div class=\"elementor-element elementor-element-23c321f4 elementor-widget elementor-widget-text-editor\" data-id=\"23c321f4\" data-element_type=\"widget\" data-e-type=\"widget\" data-widget_type=\"text-editor.default\">\n\t\t\t\t\t\t\t\t\t\n<h1 class=\"wp-block-heading\">Dein Abend. Deine Entscheidung.<\/h1>\n<p class=\"wp-block-heading\">Du hast ein Event bei Luamira gebucht, merkst aber, dass es diesmal doch nicht passt. Das ist v\u00f6llig in Ordnung.<br \/>Bitte beachte, dass f\u00fcr jede Buchung unsere Teilnahme- bzw. Stornobedingungen gelten, die du in der Eventbeschreibung und den AGB findest.<\/p>\n\n<p data-start=\"760\" data-end=\"894\">Nutze dieses Formular, um deine Stornierung anzufragen. Wir schauen uns dein Anliegen sorgf\u00e4ltig an und melden uns pers\u00f6nlich bei dir.<br \/>Nach Eingang deiner Anfrage erh\u00e4ltst du eine Best\u00e4tigung per E-Mail.<\/p>\n<p data-start=\"760\" data-end=\"894\">Alternativ kannst Du uns auch eine Email schicken an <a href=\"mailto:support@luamira.com\">support@luamira.com<\/a><\/p>\n\t\t\t\t\t\t\t\t<\/div>\n\t\t\t\t<div class=\"elementor-element elementor-element-8f16a8f elementor-widget elementor-widget-wpforms\" data-id=\"8f16a8f\" data-element_type=\"widget\" data-e-type=\"widget\" data-widget_type=\"wpforms.default\">\n\t\t\t\t<div class=\"elementor-widget-container\">\n\t\t\t\t\t<div class=\"wpforms-container wpforms-container-full wpforms-render-modern\" id=\"wpforms-1488\"><form id=\"wpforms-form-1488\" class=\"wpforms-validate wpforms-form wpforms-ajax-form\" data-formid=\"1488\" method=\"post\" enctype=\"multipart\/form-data\" action=\"\/en\/wp-json\/wp\/v2\/pages\/465\" data-token=\"9ae8ee91595d665f340f9b9410aeec3e\" data-token-time=\"1776536126\"><noscript class=\"wpforms-error-noscript\">Please enable JavaScript in your browser to complete this form.<\/noscript><div id=\"wpforms-error-noscript\" style=\"display: none;\">Please enable JavaScript in your browser to complete this form.<\/div><div class=\"wpforms-field-container\"><div id=\"wpforms-1488-field_1-container\" class=\"wpforms-field wpforms-field-name\" data-field-id=\"1\"><fieldset><legend class=\"wpforms-field-label\">Name <span class=\"wpforms-required-label\" aria-hidden=\"true\">*<\/span><\/legend><div class=\"wpforms-field-row wpforms-field-medium\"><div class=\"wpforms-field-row-block wpforms-first wpforms-one-half\"><input type=\"text\" id=\"wpforms-1488-field_1\" class=\"wpforms-field-name-first wpforms-field-required\" name=\"wpforms[fields][1][first]\" aria-errormessage=\"wpforms-1488-field_1-error\" required><label for=\"wpforms-1488-field_1\" class=\"wpforms-field-sublabel after\">First<\/label><\/div><div class=\"wpforms-field-row-block wpforms-one-half\"><input type=\"text\" id=\"wpforms-1488-field_1-last\" class=\"wpforms-field-name-last wpforms-field-required\" name=\"wpforms[fields][1][last]\" aria-errormessage=\"wpforms-1488-field_1-last-error\" required><label for=\"wpforms-1488-field_1-last\" class=\"wpforms-field-sublabel after\">Last<\/label><\/div><\/div><\/fieldset><\/div><div id=\"wpforms-1488-field_2-container\" class=\"wpforms-field wpforms-field-email\" data-field-id=\"2\"><label class=\"wpforms-field-label\" for=\"wpforms-1488-field_2\">E-Mail-Adresse <span class=\"wpforms-required-label\" aria-hidden=\"true\">*<\/span><\/label><input type=\"email\" id=\"wpforms-1488-field_2\" class=\"wpforms-field-medium wpforms-field-required\" name=\"wpforms[fields][2]\" spellcheck=\"false\" aria-errormessage=\"wpforms-1488-field_2-error\" required><\/div>\t\t<div id=\"wpforms-1488-field_5-container\"\n\t\t\tclass=\"wpforms-field wpforms-field-text\"\n\t\t\tdata-field-type=\"text\"\n\t\t\tdata-field-id=\"5\"\n\t\t\t>\n\t\t\t<label class=\"wpforms-field-label\" for=\"wpforms-1488-field_5\" >E-Mail-Adresse oder Veranstaltung<\/label>\n\t\t\t<input type=\"text\" id=\"wpforms-1488-field_5\" class=\"wpforms-field-medium\" name=\"wpforms[fields][5]\" >\n\t\t<\/div>\n\t\t<div id=\"wpforms-1488-field_3-container\" class=\"wpforms-field wpforms-field-text\" data-field-id=\"3\"><label class=\"wpforms-field-label\" for=\"wpforms-1488-field_3\">Name der gebuchten Veranstaltung <span class=\"wpforms-required-label\" aria-hidden=\"true\">*<\/span><\/label><input type=\"text\" id=\"wpforms-1488-field_3\" class=\"wpforms-field-medium wpforms-field-required\" name=\"wpforms[fields][3]\" aria-errormessage=\"wpforms-1488-field_3-error\" required><\/div><div id=\"wpforms-1488-field_6-container\" class=\"wpforms-field wpforms-field-text\" data-field-id=\"6\"><label class=\"wpforms-field-label\" for=\"wpforms-1488-field_6\">Datum der gebuchten Veranstaltung <span class=\"wpforms-required-label\" aria-hidden=\"true\">*<\/span><\/label><input type=\"text\" id=\"wpforms-1488-field_6\" class=\"wpforms-field-medium wpforms-field-required\" name=\"wpforms[fields][6]\" aria-errormessage=\"wpforms-1488-field_6-error\" required><\/div><div id=\"wpforms-1488-field_4-container\" class=\"wpforms-field wpforms-field-select wpforms-field-select-style-classic\" data-field-id=\"4\"><label class=\"wpforms-field-label\" for=\"wpforms-1488-field_4\">Grund f\u00fcr Stornierung<\/label><select id=\"wpforms-1488-field_4\" class=\"wpforms-field-medium\" name=\"wpforms[fields][4]\"><option value=\"Terminkonflikt\"  class=\"choice-4 depth-1\"  >Terminkonflikt<\/option><option value=\"Krankheit\"  class=\"choice-1 depth-1\"  >Krankheit<\/option><option value=\"Doch kein Interesse\"  class=\"choice-2 depth-1\"  >Doch kein Interesse<\/option><option value=\"Sonstiges\"  class=\"choice-3 depth-1\"  >Sonstiges<\/option><\/select><div id=\"wpforms-1488-field_4-description\" class=\"wpforms-field-description\">Wenn du magst, kannst du uns kurz sagen, warum du nicht teilnehmen kannst. Das hilft uns, unser Angebot weiterzuentwickeln.<\/div><\/div><div id=\"wpforms-1488-field_7-container\" class=\"wpforms-field wpforms-field-textarea\" data-field-id=\"7\"><label class=\"wpforms-field-label\" for=\"wpforms-1488-field_7\">Weitere Hinweise oder Fragen<\/label><textarea id=\"wpforms-1488-field_7\" class=\"wpforms-field-medium\" name=\"wpforms[fields][7]\" aria-errormessage=\"wpforms-1488-field_7-error\" ><\/textarea><\/div><script>\n\t\t\t\t( function() {\n\t\t\t\t\tconst style = document.createElement( 'style' );\n\t\t\t\t\tstyle.appendChild( document.createTextNode( '#wpforms-1488-field_5-container { position: absolute !important; overflow: hidden !important; display: inline !important; height: 1px !important; width: 1px !important; z-index: -1000 !important; padding: 0 !important; } #wpforms-1488-field_5-container input { visibility: hidden; } #wpforms-conversational-form-page #wpforms-1488-field_5-container label { counter-increment: none; }' ) );\n\t\t\t\t\tdocument.head.appendChild( style );\n\t\t\t\t\tdocument.currentScript?.remove();\n\t\t\t\t} )();\n\t\t\t<\/script><\/div><!-- .wpforms-field-container --><div class=\"wpforms-submit-container\" ><input type=\"hidden\" name=\"wpforms[id]\" value=\"1488\"><input type=\"hidden\" name=\"page_title\" value=\"\"><input type=\"hidden\" name=\"page_url\" value=\"https:\/\/www.luamira.com\/en\/wp-json\/wp\/v2\/pages\/465\"><input type=\"hidden\" name=\"url_referer\" value=\"\"><button type=\"submit\" name=\"wpforms[submit]\" id=\"wpforms-submit-1488\" class=\"wpforms-submit\" data-alt-text=\"Wird gesendet\u00a0\u2026\" data-submit-text=\"Absenden\" aria-live=\"assertive\" value=\"wpforms-submit\">Absenden<\/button><img decoding=\"async\" src=\"https:\/\/www.luamira.com\/wp-content\/plugins\/wpforms-lite\/assets\/images\/submit-spin.svg\" class=\"wpforms-submit-spinner\" style=\"display: none;\" width=\"26\" height=\"26\" alt=\"Loading\"><\/div><\/form><\/div>  <!-- .wpforms-container -->\t\t\t\t<\/div>\n\t\t\t\t<\/div>\n\t\t\t\t\t<\/div>\n\t\t\t\t<\/div>\n\t\t<div class=\"elementor-element elementor-element-f916e74 e-flex e-con-boxed e-con e-parent\" data-id=\"f916e74\" data-element_type=\"container\" data-e-type=\"container\">\n\t\t\t\t\t<div class=\"e-con-inner\">\n\t\t\t\t<div class=\"elementor-element elementor-element-f9d0932 elementor-widget elementor-widget-text-editor\" data-id=\"f9d0932\" data-element_type=\"widget\" data-e-type=\"widget\" data-widget_type=\"text-editor.default\">\n\t\t\t\t\t\t\t\t\t<p>Informationen zur Datenverarbeitung kannst Du unserer <a href=\"https:\/\/www.luamira.com\/datenschutzerklaerung\/\">Datenschutzerkl\u00e4rung<\/a>\u00a0entnehmen.<\/p>\t\t\t\t\t\t\t\t<\/div>\n\t\t\t\t\t<\/div>\n\t\t\t\t<\/div>\n\t\t\t\t<\/div>\n\t\t","protected":false},"excerpt":{"rendered":"<p>Dein Abend. Deine Entscheidung. Du hast ein Event bei Luamira gebucht, merkst aber, dass es diesmal doch nicht passt. Das ist v\u00f6llig in Ordnung.Bitte beachte, dass f\u00fcr jede Buchung unsere Teilnahme- bzw. Stornobedingungen gelten, die du in der Eventbeschreibung und den AGB findest. Nutze dieses Formular, um deine Stornierung anzufragen. Wir schauen uns dein Anliegen sorgf\u00e4ltig an und melden uns pers\u00f6nlich bei dir.Nach Eingang deiner Anfrage erh\u00e4ltst du eine Best\u00e4tigung per E-Mail. Alternativ kannst Du uns auch eine Email schicken an support@luamira.com Bitte aktiviere JavaScript in deinem Browser, um dieses Formular fertigzustellen.Bitte aktiviere JavaScript in deinem Browser, um dieses Formular fertigzustellen. Name * VornameNachname E-Mail-Adresse *Name der gebuchten Veranstaltung *Datum der gebuchten Veranstaltung *Grund f\u00fcr StornierungTerminkonfliktKrankheitDoch kein InteresseSonstigesWenn du magst, kannst du uns kurz sagen, warum du nicht teilnehmen kannst. Das hilft uns, unser Angebot weiterzuentwickeln.Weitere Hinweise oder Fragen Absenden Informationen zur Datenverarbeitung kannst Du unserer Datenschutzerkl\u00e4rung\u00a0entnehmen.<\/p>","protected":false},"author":1,"featured_media":0,"parent":0,"menu_order":0,"comment_status":"closed","ping_status":"closed","template":"","meta":{"footnotes":""},"class_list":["post-465","page","type-page","status-publish","hentry"],"yoast_head":"<!-- This site is optimized with the Yoast SEO plugin v27.0 - https:\/\/yoast.com\/product\/yoast-seo-wordpress\/ -->\n<title>Stornierung einer Veranstaltung - Luamira: Your Night, your moment<\/title>\n<meta name=\"robots\" content=\"index, follow, max-snippet:-1, max-image-preview:large, max-video-preview:-1\" \/>\n<link rel=\"canonical\" href=\"https:\/\/www.luamira.com\/en\/storno\/\" \/>\n<meta property=\"og:locale\" content=\"en_US\" \/>\n<meta property=\"og:type\" content=\"article\" \/>\n<meta property=\"og:title\" content=\"Stornierung einer Veranstaltung - Luamira: Your Night, your moment\" \/>\n<meta property=\"og:description\" content=\"Dein Abend. Deine Entscheidung. Du hast ein Event bei Luamira gebucht, merkst aber, dass es diesmal doch nicht passt. Das ist v\u00f6llig in Ordnung.Bitte beachte, dass f\u00fcr jede Buchung unsere Teilnahme- bzw. Stornobedingungen gelten, die du in der Eventbeschreibung und den AGB findest. Nutze dieses Formular, um deine Stornierung anzufragen. Wir schauen uns dein Anliegen sorgf\u00e4ltig an und melden uns pers\u00f6nlich bei dir.Nach Eingang deiner Anfrage erh\u00e4ltst du eine Best\u00e4tigung per E-Mail. Alternativ kannst Du uns auch eine Email schicken an support@luamira.com Bitte aktiviere JavaScript in deinem Browser, um dieses Formular fertigzustellen.Bitte aktiviere JavaScript in deinem Browser, um dieses Formular fertigzustellen. Name * VornameNachname E-Mail-Adresse *Name der gebuchten Veranstaltung *Datum der gebuchten Veranstaltung *Grund f\u00fcr StornierungTerminkonfliktKrankheitDoch kein InteresseSonstigesWenn du magst, kannst du uns kurz sagen, warum du nicht teilnehmen kannst. Das hilft uns, unser Angebot weiterzuentwickeln.Weitere Hinweise oder Fragen Absenden Informationen zur Datenverarbeitung kannst Du unserer Datenschutzerkl\u00e4rung\u00a0entnehmen.\" \/>\n<meta property=\"og:url\" content=\"https:\/\/www.luamira.com\/en\/storno\/\" \/>\n<meta property=\"og:site_name\" content=\"Luamira: Your Night, your moment\" \/>\n<meta property=\"article:modified_time\" content=\"2026-01-30T10:59:04+00:00\" \/>\n<meta property=\"og:image\" content=\"https:\/\/www.luamira.com\/wp-content\/plugins\/wpforms-lite\/assets\/images\/submit-spin.svg\" \/>\n<meta name=\"twitter:card\" content=\"summary_large_image\" \/>\n<meta name=\"twitter:label1\" content=\"Est. reading time\" \/>\n\t<meta name=\"twitter:data1\" content=\"1 minute\" \/>\n<script type=\"application\/ld+json\" class=\"yoast-schema-graph\">{\"@context\":\"https:\/\/schema.org\",\"@graph\":[{\"@type\":\"WebPage\",\"@id\":\"https:\/\/www.luamira.com\/storno\/\",\"url\":\"https:\/\/www.luamira.com\/storno\/\",\"name\":\"Stornierung einer Veranstaltung - Luamira: Your Night, your moment\",\"isPartOf\":{\"@id\":\"https:\/\/www.luamira.com\/#website\"},\"primaryImageOfPage\":{\"@id\":\"https:\/\/www.luamira.com\/storno\/#primaryimage\"},\"image\":{\"@id\":\"https:\/\/www.luamira.com\/storno\/#primaryimage\"},\"thumbnailUrl\":\"https:\/\/www.luamira.com\/wp-content\/plugins\/wpforms-lite\/assets\/images\/submit-spin.svg\",\"datePublished\":\"2025-09-29T08:39:41+00:00\",\"dateModified\":\"2026-01-30T10:59:04+00:00\",\"breadcrumb\":{\"@id\":\"https:\/\/www.luamira.com\/storno\/#breadcrumb\"},\"inLanguage\":\"en-US\",\"potentialAction\":[{\"@type\":\"ReadAction\",\"target\":[\"https:\/\/www.luamira.com\/storno\/\"]}]},{\"@type\":\"ImageObject\",\"inLanguage\":\"en-US\",\"@id\":\"https:\/\/www.luamira.com\/storno\/#primaryimage\",\"url\":\"https:\/\/www.luamira.com\/wp-content\/plugins\/wpforms-lite\/assets\/images\/submit-spin.svg\",\"contentUrl\":\"https:\/\/www.luamira.com\/wp-content\/plugins\/wpforms-lite\/assets\/images\/submit-spin.svg\"},{\"@type\":\"BreadcrumbList\",\"@id\":\"https:\/\/www.luamira.com\/storno\/#breadcrumb\",\"itemListElement\":[{\"@type\":\"ListItem\",\"position\":1,\"name\":\"Startseite\",\"item\":\"https:\/\/www.luamira.com\/\"},{\"@type\":\"ListItem\",\"position\":2,\"name\":\"Stornierung einer Veranstaltung\"}]},{\"@type\":\"WebSite\",\"@id\":\"https:\/\/www.luamira.com\/#website\",\"url\":\"https:\/\/www.luamira.com\/\",\"name\":\"Luamira: Your Night, your moment\",\"description\":\"\",\"publisher\":{\"@id\":\"https:\/\/www.luamira.com\/#organization\"},\"potentialAction\":[{\"@type\":\"SearchAction\",\"target\":{\"@type\":\"EntryPoint\",\"urlTemplate\":\"https:\/\/www.luamira.com\/?s={search_term_string}\"},\"query-input\":{\"@type\":\"PropertyValueSpecification\",\"valueRequired\":true,\"valueName\":\"search_term_string\"}}],\"inLanguage\":\"en-US\"},{\"@type\":\"Organization\",\"@id\":\"https:\/\/www.luamira.com\/#organization\",\"name\":\"Luamira: Your Night, your moment\",\"url\":\"https:\/\/www.luamira.com\/\",\"logo\":{\"@type\":\"ImageObject\",\"inLanguage\":\"en-US\",\"@id\":\"https:\/\/www.luamira.com\/#\/schema\/logo\/image\/\",\"url\":\"https:\/\/www.luamira.com\/wp-content\/uploads\/2025\/09\/luamira-logo.png\",\"contentUrl\":\"https:\/\/www.luamira.com\/wp-content\/uploads\/2025\/09\/luamira-logo.png\",\"width\":300,\"height\":111,\"caption\":\"Luamira: Your Night, your moment\"},\"image\":{\"@id\":\"https:\/\/www.luamira.com\/#\/schema\/logo\/image\/\"}}]}<\/script>\n<!-- \/ Yoast SEO plugin. -->","yoast_head_json":{"title":"Stornierung einer Veranstaltung - Luamira: Your Night, your moment","robots":{"index":"index","follow":"follow","max-snippet":"max-snippet:-1","max-image-preview":"max-image-preview:large","max-video-preview":"max-video-preview:-1"},"canonical":"https:\/\/www.luamira.com\/en\/storno\/","og_locale":"en_US","og_type":"article","og_title":"Stornierung einer Veranstaltung - Luamira: Your Night, your moment","og_description":"Dein Abend. Deine Entscheidung. Du hast ein Event bei Luamira gebucht, merkst aber, dass es diesmal doch nicht passt. Das ist v\u00f6llig in Ordnung.Bitte beachte, dass f\u00fcr jede Buchung unsere Teilnahme- bzw. Stornobedingungen gelten, die du in der Eventbeschreibung und den AGB findest. Nutze dieses Formular, um deine Stornierung anzufragen. Wir schauen uns dein Anliegen sorgf\u00e4ltig an und melden uns pers\u00f6nlich bei dir.Nach Eingang deiner Anfrage erh\u00e4ltst du eine Best\u00e4tigung per E-Mail. Alternativ kannst Du uns auch eine Email schicken an support@luamira.com Bitte aktiviere JavaScript in deinem Browser, um dieses Formular fertigzustellen.Bitte aktiviere JavaScript in deinem Browser, um dieses Formular fertigzustellen. Name * VornameNachname E-Mail-Adresse *Name der gebuchten Veranstaltung *Datum der gebuchten Veranstaltung *Grund f\u00fcr StornierungTerminkonfliktKrankheitDoch kein InteresseSonstigesWenn du magst, kannst du uns kurz sagen, warum du nicht teilnehmen kannst. Das hilft uns, unser Angebot weiterzuentwickeln.Weitere Hinweise oder Fragen Absenden Informationen zur Datenverarbeitung kannst Du unserer Datenschutzerkl\u00e4rung\u00a0entnehmen.","og_url":"https:\/\/www.luamira.com\/en\/storno\/","og_site_name":"Luamira: Your Night, your moment","article_modified_time":"2026-01-30T10:59:04+00:00","og_image":[{"url":"https:\/\/www.luamira.com\/wp-content\/plugins\/wpforms-lite\/assets\/images\/submit-spin.svg","type":"","width":"","height":""}],"twitter_card":"summary_large_image","twitter_misc":{"Est. reading time":"1 minute"},"schema":{"@context":"https:\/\/schema.org","@graph":[{"@type":"WebPage","@id":"https:\/\/www.luamira.com\/storno\/","url":"https:\/\/www.luamira.com\/storno\/","name":"Stornierung einer Veranstaltung - Luamira: Your Night, your moment","isPartOf":{"@id":"https:\/\/www.luamira.com\/#website"},"primaryImageOfPage":{"@id":"https:\/\/www.luamira.com\/storno\/#primaryimage"},"image":{"@id":"https:\/\/www.luamira.com\/storno\/#primaryimage"},"thumbnailUrl":"https:\/\/www.luamira.com\/wp-content\/plugins\/wpforms-lite\/assets\/images\/submit-spin.svg","datePublished":"2025-09-29T08:39:41+00:00","dateModified":"2026-01-30T10:59:04+00:00","breadcrumb":{"@id":"https:\/\/www.luamira.com\/storno\/#breadcrumb"},"inLanguage":"en-US","potentialAction":[{"@type":"ReadAction","target":["https:\/\/www.luamira.com\/storno\/"]}]},{"@type":"ImageObject","inLanguage":"en-US","@id":"https:\/\/www.luamira.com\/storno\/#primaryimage","url":"https:\/\/www.luamira.com\/wp-content\/plugins\/wpforms-lite\/assets\/images\/submit-spin.svg","contentUrl":"https:\/\/www.luamira.com\/wp-content\/plugins\/wpforms-lite\/assets\/images\/submit-spin.svg"},{"@type":"BreadcrumbList","@id":"https:\/\/www.luamira.com\/storno\/#breadcrumb","itemListElement":[{"@type":"ListItem","position":1,"name":"Startseite","item":"https:\/\/www.luamira.com\/"},{"@type":"ListItem","position":2,"name":"Stornierung einer Veranstaltung"}]},{"@type":"WebSite","@id":"https:\/\/www.luamira.com\/#website","url":"https:\/\/www.luamira.com\/","name":"Luamira: Your Night, your moment","description":"","publisher":{"@id":"https:\/\/www.luamira.com\/#organization"},"potentialAction":[{"@type":"SearchAction","target":{"@type":"EntryPoint","urlTemplate":"https:\/\/www.luamira.com\/?s={search_term_string}"},"query-input":{"@type":"PropertyValueSpecification","valueRequired":true,"valueName":"search_term_string"}}],"inLanguage":"en-US"},{"@type":"Organization","@id":"https:\/\/www.luamira.com\/#organization","name":"Luamira: Your Night, your moment","url":"https:\/\/www.luamira.com\/","logo":{"@type":"ImageObject","inLanguage":"en-US","@id":"https:\/\/www.luamira.com\/#\/schema\/logo\/image\/","url":"https:\/\/www.luamira.com\/wp-content\/uploads\/2025\/09\/luamira-logo.png","contentUrl":"https:\/\/www.luamira.com\/wp-content\/uploads\/2025\/09\/luamira-logo.png","width":300,"height":111,"caption":"Luamira: Your Night, your moment"},"image":{"@id":"https:\/\/www.luamira.com\/#\/schema\/logo\/image\/"}}]}},"_links":{"self":[{"href":"https:\/\/www.luamira.com\/en\/wp-json\/wp\/v2\/pages\/465","targetHints":{"allow":["GET"]}}],"collection":[{"href":"https:\/\/www.luamira.com\/en\/wp-json\/wp\/v2\/pages"}],"about":[{"href":"https:\/\/www.luamira.com\/en\/wp-json\/wp\/v2\/types\/page"}],"author":[{"embeddable":true,"href":"https:\/\/www.luamira.com\/en\/wp-json\/wp\/v2\/users\/1"}],"replies":[{"embeddable":true,"href":"https:\/\/www.luamira.com\/en\/wp-json\/wp\/v2\/comments?post=465"}],"version-history":[{"count":13,"href":"https:\/\/www.luamira.com\/en\/wp-json\/wp\/v2\/pages\/465\/revisions"}],"predecessor-version":[{"id":1753,"href":"https:\/\/www.luamira.com\/en\/wp-json\/wp\/v2\/pages\/465\/revisions\/1753"}],"wp:attachment":[{"href":"https:\/\/www.luamira.com\/en\/wp-json\/wp\/v2\/media?parent=465"}],"curies":[{"name":"wp","href":"https:\/\/api.w.org\/{rel}","templated":true}]}}