{"id":291,"date":"2025-09-08T11:48:58","date_gmt":"2025-09-08T09:48:58","guid":{"rendered":"https:\/\/www.luamira.com\/event-directory\/"},"modified":"2025-11-25T22:45:58","modified_gmt":"2025-11-25T21:45:58","slug":"alle-events","status":"publish","type":"page","link":"https:\/\/www.luamira.com\/en\/alle-events\/","title":{"rendered":"All events"},"content":{"rendered":"\t\t<div data-elementor-type=\"wp-page\" data-elementor-id=\"291\" class=\"elementor elementor-291\">\n\t\t\t\t<div class=\"elementor-element elementor-element-633bea9 e-grid e-con-boxed e-con e-parent\" data-id=\"633bea9\" data-element_type=\"container\" data-e-type=\"container\">\n\t\t\t\t\t<div class=\"e-con-inner\">\n\t\t\t\t<div class=\"elementor-element elementor-element-e103f93 elementor-widget elementor-widget-heading\" data-id=\"e103f93\" data-element_type=\"widget\" data-e-type=\"widget\" data-widget_type=\"heading.default\">\n\t\t\t\t\t<p class=\"elementor-heading-title elementor-size-default\">Live-Eventkalender f\u00fcr M\u00fctter<\/p>\t\t\t\t<\/div>\n\t\t\t\t<div class=\"elementor-element elementor-element-c4c486e elementor-widget elementor-widget-heading\" data-id=\"c4c486e\" data-element_type=\"widget\" data-e-type=\"widget\" data-widget_type=\"heading.default\">\n\t\t\t\t\t<h1 class=\"elementor-heading-title elementor-size-default\">Unsere n\u00e4chsten Live Events<\/h1>\t\t\t\t<\/div>\n\t\t\t\t\t<\/div>\n\t\t\t\t<\/div>\n\t\t<div class=\"elementor-element elementor-element-2bec0220 e-flex e-con-boxed e-con e-parent\" data-id=\"2bec0220\" data-element_type=\"container\" data-e-type=\"container\">\n\t\t\t\t\t<div class=\"e-con-inner\">\n\t\t\t\t<div class=\"elementor-element elementor-element-7c4465ba elementor-widget elementor-widget-shortcode\" data-id=\"7c4465ba\" data-element_type=\"widget\" data-e-type=\"widget\" data-widget_type=\"shortcode.default\">\n\t\t\t\t\t\t\t<div class=\"elementor-shortcode\"><div class=\"mec-wrap mec-skin-masonry-container  colorskin-custom  \" id=\"mec_skin_425\" data-filterby=\"category\" data-sortascending=\"1\">\r\n    <div class=\"mec-events-masonry-cats\"><a href=\"#\" class=\"mec-masonry-cat-selected\" data-filter=\"*\">All<\/a><a href=\"#\" data-filter=\".mec-t46\">Abendfunke<\/a><a href=\"#\" data-filter=\".mec-t15\">Basteln &amp; DIY<\/a><a href=\"#\" data-filter=\".mec-t24\">Buchclubs &amp; Lesungen<\/a><a href=\"#\" data-filter=\".mec-t42\">Business &amp; Pers\u00f6nlichkeit<\/a><a href=\"#\" data-filter=\".mec-t45\">Erziehung &amp; Kinder<\/a><a href=\"#\" data-filter=\".mec-t16\">Gesundheit &amp; Entspannung<\/a><a href=\"#\" data-filter=\".mec-t47\">Herzst\u00fcck<\/a><a href=\"#\" data-filter=\".mec-t43\">Kunst &amp; Kultur<\/a><a href=\"#\" data-filter=\".mec-t75\">Private Events<\/a><a href=\"#\" data-filter=\".mec-t22\">Spiel &amp; Spa\u00df<\/a><a href=\"#\" data-filter=\".mec-t48\">Sternstunde<\/a><\/div>\r\n        <div class=\"mec-events-masonry-wrap\" id=\"mec_skin_events_425\">\r\n        <div class=\"mec-wrap colorskin-custom\">\r\n    <div class=\"mec-event-masonry\">\r\n                    <div data-sort-masonry=\"2026-04-28\" class=\"mec-masonry-item-wrap mec-t46 mec-t42\">\r\n                <div class=\"mec-masonry\">\r\n\r\n                    <article class=\"mec-event-article mec-clear  \">\r\n                                                    <div class=\"mec-masonry-img\"><a data-event-id=\"1890\" href=\"https:\/\/www.luamira.com\/en\/events\/dein-moment\/\" target=\"_self\" rel=\"noopener\"><img fetchpriority=\"high\" decoding=\"async\" width=\"1536\" height=\"1024\" src=\"https:\/\/www.luamira.com\/wp-content\/uploads\/2026\/03\/Luamira-Abendraum.png\" class=\"attachment-full size-full wp-post-image\" alt=\"\" data-mec-postid=\"1890\" \/><\/a><\/div>\r\n                        \r\n                        \r\n                        <div class=\"mec-masonry-content mec-event-grid-modern\">\r\n                            <div class=\"event-grid-modern-head clearfix\">\r\n\r\n                                <div class=\"mec-masonry-col6\">\r\n                                                                            <div class=\"mec-event-date mec-color\">28<\/div>\r\n                                        <div class=\"mec-event-month\">April<\/div>\r\n                                                                        <div class=\"mec-event-detail\">20:00 - 20:45<\/div>\r\n                                                                    <\/div>\r\n\r\n                                                                <div class=\"mec-masonry-col6\">\r\n                                    <div class=\"mec-event-location\">\r\n                                        <i class=\"mec-sl-location-pin\"><\/i>                                        <div class=\"mec-event-location-det\">\r\n                                            <h6 class=\"mec-location\">in Zoom<\/h6>\r\n                                            <address class=\"mec-events-address\"><span class=\"mec-address\"><\/span><\/address>\r\n                                        <\/div>\r\n                                    <\/div>\r\n                                <\/div>\r\n                                \r\n                            <\/div>\r\n                                                                                    <div class=\"mec-event-content\">\r\n                                                                <h4 class=\"mec-event-title\"><a class=\"mec-color-hover\" data-event-id=\"1890\" href=\"https:\/\/www.luamira.com\/en\/events\/dein-moment\/\" target=\"_self\" rel=\"noopener\">Luamira Abendraum &#8211; Dein bewusster Moment f\u00fcr Dich<\/a>  <\/h4>\r\n                                                                                                                                <div class=\"mec-event-description mec-events-content\">\r\n                                    <p>Dieser Abend ist eine Einladung, bewusst bei dir anzukommen \u2013 raus aus dem Alltag, rein in einen Moment, der nur dir geh\u00f6rt. Mit achtsamen Impulsen, kleinen Reflexionsfragen und offenem Austausch entsteht ein Raum, in dem du durchatmen, loslassen und dich wieder ein St\u00fcck mehr mit dir verbinden kannst. Du darfst zuh\u00f6ren (mit oder ohne Kamera). Du darfst teilen. Oder einfach still dabei sein. Lerne dabei auch mich, Amelie, und die Idee hinter Luamira kennen. Ein kostenfreier, regelm\u00e4\u00dfiger Abend f\u00fcr dich \u2013 zum Ankommen, Auftanken und Sein. &nbsp; Teilnahmebedingungen: * Nach Abschluss der Buchung erh\u00e4ltst Du von uns den Zoomlink zu Deinem gebuchten Event. * Sprache f\u00fcr dieses Event ist Deutsch. * Dieser Abend ist kostenfrei, findet live statt und wird nicht aufgezeichnet. * Solltest Du Fragen zu Deiner Teilnahme oder dem Ablauf haben, schau Dir gerne unsere So geht&#8217;s Seite mit den FAQ an. * Bei Luamira legen wir gro\u00dfen Wert auf einen respektvollen und achtsamen Austausch. Mehr dazu findest du hier: https:\/\/www.luamira.com\/unser-miteinander\/ ...<\/p>\r\n                                <\/div>\r\n                            <\/div>\r\n                            <div class=\"mec-event-footer\">\r\n                                <a class=\"mec-booking-button\" data-event-id=\"1890\" href=\"https:\/\/www.luamira.com\/en\/events\/dein-moment\/\" target=\"_self\" rel=\"noopener\">DETAILS ANZEIGEN<\/a>                                <a class=\"mec-modal-booking-button mec-mb-button\" href=\"https:\/\/www.luamira.com\/en\/events\/dein-moment\/?method=mec-booking-modal\" data-featherlight=\"iframe\" data-featherlight-iframe-height=\"450\" data-featherlight-iframe-width=\"700\">BUCHEN<\/a>                                                            <\/div>\r\n                        <\/div>\r\n                    <\/article>\r\n\r\n                <\/div>\r\n            <\/div>\r\n                            <div data-sort-masonry=\"2026-05-06\" class=\"mec-masonry-item-wrap mec-t45 mec-t47\">\r\n                <div class=\"mec-masonry\">\r\n\r\n                    <article class=\"mec-event-article mec-clear  \">\r\n                                                    <div class=\"mec-masonry-img\"><a data-event-id=\"1898\" href=\"https:\/\/www.luamira.com\/en\/events\/human_design_im_familienalltag\/\" target=\"_self\" rel=\"noopener\"><img decoding=\"async\" width=\"1536\" height=\"1024\" src=\"https:\/\/www.luamira.com\/wp-content\/uploads\/2026\/04\/Workshop-Titelbild.png\" class=\"attachment-full size-full wp-post-image\" alt=\"\" data-mec-postid=\"1898\" \/><\/a><\/div>\r\n                        \r\n                        \r\n                        <div class=\"mec-masonry-content mec-event-grid-modern\">\r\n                            <div class=\"event-grid-modern-head clearfix\">\r\n\r\n                                <div class=\"mec-masonry-col6\">\r\n                                                                            <div class=\"mec-event-date mec-color\">6<\/div>\r\n                                        <div class=\"mec-event-month\">May<\/div>\r\n                                                                        <div class=\"mec-event-detail\">19:30 - 20:30<\/div>\r\n                                                                    <\/div>\r\n\r\n                                                                <div class=\"mec-masonry-col6\">\r\n                                    <div class=\"mec-event-location\">\r\n                                        <i class=\"mec-sl-location-pin\"><\/i>                                        <div class=\"mec-event-location-det\">\r\n                                            <h6 class=\"mec-location\">in Zoom<\/h6>\r\n                                            <address class=\"mec-events-address\"><span class=\"mec-address\"><\/span><\/address>\r\n                                        <\/div>\r\n                                    <\/div>\r\n                                <\/div>\r\n                                \r\n                            <\/div>\r\n                                                                                    <div class=\"mec-event-content\">\r\n                                                                <h4 class=\"mec-event-title\"><a class=\"mec-color-hover\" data-event-id=\"1898\" href=\"https:\/\/www.luamira.com\/en\/events\/human_design_im_familienalltag\/\" target=\"_self\" rel=\"noopener\">Human Design im Familienalltag \u2013 die 5 Energietypen einfach erkl\u00e4rt<\/a>  <\/h4>\r\n                                                                                                                                <div class=\"mec-event-description mec-events-content\">\r\n                                    <p>Warum ticken du und dein Kind manchmal so unterschiedlich? In diesem Einsteiger-Workshop bekommst du einen alltagstauglichen ersten Einblick in Human Design mit Fokus auf den Familienkontext. Human Design ist ein modernes System zur Selbsterkenntnis, das dir hilft zu verstehen, wie du Energie wahrnimmst, Entscheidungen triffst und mit anderen in Beziehung gehst. Du lernst die 5 Energietypen kennen und erf\u00e4hrst, wie sich diese im Mama- und Familienalltag zeigen k\u00f6nnen. Es geht nicht um komplizierte Theorie, sondern um echte Aha-Momente, mehr Verst\u00e4ndnis f\u00fcr dich selbst und dein Kind und kleine Impulse, die du direkt mit in euren Alltag nehmen kannst. Ideal f\u00fcr Anf\u00e4ngerinnen, die Human Design verst\u00e4ndlich, nahbar und ohne Druck kennenlernen m\u00f6chten. Teilnahmebedingungen: * Nach Abschluss der Buchung erh\u00e4ltst Du von uns den Zoomlink zu Deinem gebuchten Event. * Sprache f\u00fcr dieses Event ist Deutsch. * F\u00fcr dieses Event gelten die folgenden Stornobedingungen: ein kostenfreier Storno ist m\u00f6glich bis 72 Stunden vor Event. Bis 24 Stunden vor Event erh\u00e4ltst Du bei einem Storno 50% des bezahlten Betrages r\u00fcckerstattet. Danach f\u00e4llt der vollst\u00e4ndige bezahlte Betrag an. Wenn du dein Event stornieren m\u00f6chtest, schreib uns bitte einfach an: support@luamira.com oder nutze das folgende Formular: www.luamira.com\/storno * Dieses Event findet live statt. * Solltest [&hellip;] ...<\/p>\r\n                                <\/div>\r\n                            <\/div>\r\n                            <div class=\"mec-event-footer\">\r\n                                <a class=\"mec-booking-button\" data-event-id=\"1898\" href=\"https:\/\/www.luamira.com\/en\/events\/human_design_im_familienalltag\/\" target=\"_self\" rel=\"noopener\">DETAILS ANZEIGEN<\/a>                                <a class=\"mec-modal-booking-button mec-mb-button\" href=\"https:\/\/www.luamira.com\/en\/events\/human_design_im_familienalltag\/?method=mec-booking-modal\" data-featherlight=\"iframe\" data-featherlight-iframe-height=\"450\" data-featherlight-iframe-width=\"700\">BUCHEN<\/a>                                                            <\/div>\r\n                        <\/div>\r\n                    <\/article>\r\n\r\n                <\/div>\r\n            <\/div>\r\n                            <div data-sort-masonry=\"2026-05-21\" class=\"mec-masonry-item-wrap mec-t15 mec-t47 mec-t43\">\r\n                <div class=\"mec-masonry\">\r\n\r\n                    <article class=\"mec-event-article mec-clear  \">\r\n                                                    <div class=\"mec-masonry-img\"><a data-event-id=\"1900\" href=\"https:\/\/www.luamira.com\/en\/events\/malkurs-fernweh-meer\/\" target=\"_self\" rel=\"noopener\"><img decoding=\"async\" width=\"2304\" height=\"1536\" src=\"https:\/\/www.luamira.com\/wp-content\/uploads\/2026\/04\/youdesignme_image.jpg\" class=\"attachment-full size-full wp-post-image\" alt=\"\" data-mec-postid=\"1900\" \/><\/a><\/div>\r\n                        \r\n                        \r\n                        <div class=\"mec-masonry-content mec-event-grid-modern\">\r\n                            <div class=\"event-grid-modern-head clearfix\">\r\n\r\n                                <div class=\"mec-masonry-col6\">\r\n                                                                            <div class=\"mec-event-date mec-color\">21<\/div>\r\n                                        <div class=\"mec-event-month\">May<\/div>\r\n                                                                        <div class=\"mec-event-detail\">19:30 - 21:00<\/div>\r\n                                                                    <\/div>\r\n\r\n                                                                <div class=\"mec-masonry-col6\">\r\n                                    <div class=\"mec-event-location\">\r\n                                        <i class=\"mec-sl-location-pin\"><\/i>                                        <div class=\"mec-event-location-det\">\r\n                                            <h6 class=\"mec-location\">in Zoom<\/h6>\r\n                                            <address class=\"mec-events-address\"><span class=\"mec-address\"><\/span><\/address>\r\n                                        <\/div>\r\n                                    <\/div>\r\n                                <\/div>\r\n                                \r\n                            <\/div>\r\n                                                                                    <div class=\"mec-event-content\">\r\n                                                                <h4 class=\"mec-event-title\"><a class=\"mec-color-hover\" data-event-id=\"1900\" href=\"https:\/\/www.luamira.com\/en\/events\/malkurs-fernweh-meer\/\" target=\"_self\" rel=\"noopener\">Malkurs: After Work &#8211; Fernweh Meer<\/a>  <\/h4>\r\n                                                                                                                                <div class=\"mec-event-description mec-events-content\">\r\n                                    <p>Stell dir einen Moment vor, in dem du kurz aus deinem Alltag auftauchst. Ein Abend, der dich gedanklich ans Meer bringt. Weite, Ruhe, neue Ideen. Ein Raum, in dem du nicht funktionieren musst, sondern einfach sein, tr\u00e4umen und dich inspirieren lassen darfst. In diesem kreativen Event mit Kristin Tessen malen wir uns ans Meer. Flie\u00dfende Farben laden zum Tr\u00e4umen ein und blaue Farbnuancan zum Durchatmen. Kristin stellt dir unterschiedliche Aquarelltechniken vor, die du f\u00fcr deine Wasserlandschaften nutzen kannst. Nach der Einf\u00fchrung gibt es ausreichend Zeit an deinen eigenen Bildern zu arbeiten und das Gelernte anzuwenden. Dabei steht vor allem die Magie der Aquarellfarben im Mittelpunkt und die Freude am Malen. Lass uns gemeinsam den Pinsel schwingen. F\u00fcr den Kurs kannst du deine Aquarell- oder Wassermalfarben nutzen, im besten Fall hast du Aquarellpapier zuhause. Materialempfehlung: Papier: Hahnem\u00fchle Expression (cold pressed) Pinsel: Aquarell Rund- und Flachpinsel, was du verf\u00fcgbar hast Farben: z.B. Ultramarin, Coelinblau, Kobaltblau, Sienna Gebrannt oder Lasurorange Teilnahmebedingungen: * Nach Abschluss der Buchung erh\u00e4ltst Du von uns den Zoomlink zu Deinem gebuchten Event. * Sprache f\u00fcr dieses Event ist Deutsch. * F\u00fcr dieses Event gelten die folgenden Stornobedingungen: ein kostenfreier Storno ist m\u00f6glich bis 72 Stunden vor Event. Bis 24 [&hellip;] ...<\/p>\r\n                                <\/div>\r\n                            <\/div>\r\n                            <div class=\"mec-event-footer\">\r\n                                <a class=\"mec-booking-button\" data-event-id=\"1900\" href=\"https:\/\/www.luamira.com\/en\/events\/malkurs-fernweh-meer\/\" target=\"_self\" rel=\"noopener\">DETAILS ANZEIGEN<\/a>                                <a class=\"mec-modal-booking-button mec-mb-button\" href=\"https:\/\/www.luamira.com\/en\/events\/malkurs-fernweh-meer\/?method=mec-booking-modal\" data-featherlight=\"iframe\" data-featherlight-iframe-height=\"450\" data-featherlight-iframe-width=\"700\">BUCHEN<\/a>                                                            <\/div>\r\n                        <\/div>\r\n                    <\/article>\r\n\r\n                <\/div>\r\n            <\/div>\r\n                \t<\/div>\r\n<\/div>    <\/div>\r\n    <div class=\"mec-skin-masonry-no-events-container mec-util-hidden\" id=\"mec_skin_no_events_425\">\r\n        No event found!    <\/div>\r\n    \r\n    <\/div>\r\n<\/div>\n\t\t\t\t\t\t<\/div>\n\t\t\t\t\t<\/div>\n\t\t\t\t<\/div>\n\t\t\t\t<\/div>\n\t\t","protected":false},"excerpt":{"rendered":"<p>Live-Eventkalender f\u00fcr M\u00fctter Unsere n\u00e4chsten Live Events<\/p>","protected":false},"author":1,"featured_media":0,"parent":0,"menu_order":0,"comment_status":"closed","ping_status":"closed","template":"","meta":{"footnotes":""},"class_list":["post-291","page","type-page","status-publish","hentry"],"yoast_head":"<!-- This site is optimized with the Yoast SEO plugin v27.0 - https:\/\/yoast.com\/product\/yoast-seo-wordpress\/ -->\n<title>Alle Events - Luamira: Your Night, your moment<\/title>\n<meta name=\"description\" content=\"Entdecke kreative Live-Online-Events f\u00fcr M\u00fctter: Selbstf\u00fcrsorge, Inspiration &amp; Spa\u00df am Abend. Jetzt Event finden und deine Me-Time sichern!\" \/>\n<meta name=\"robots\" content=\"index, follow, max-snippet:-1, max-image-preview:large, max-video-preview:-1\" \/>\n<link rel=\"canonical\" href=\"https:\/\/www.luamira.com\/en\/alle-events\/\" \/>\n<meta property=\"og:locale\" content=\"en_US\" \/>\n<meta property=\"og:type\" content=\"article\" \/>\n<meta property=\"og:title\" content=\"Alle Events - Luamira: Your Night, your moment\" \/>\n<meta property=\"og:description\" content=\"Entdecke kreative Live-Online-Events f\u00fcr M\u00fctter: Selbstf\u00fcrsorge, Inspiration &amp; Spa\u00df am Abend. Jetzt Event finden und deine Me-Time sichern!\" \/>\n<meta property=\"og:url\" content=\"https:\/\/www.luamira.com\/en\/alle-events\/\" \/>\n<meta property=\"og:site_name\" content=\"Luamira: Your Night, your moment\" \/>\n<meta property=\"article:modified_time\" content=\"2025-11-25T21:45:58+00:00\" \/>\n<meta name=\"twitter:card\" content=\"summary_large_image\" \/>\n<meta name=\"twitter:label1\" content=\"Est. reading time\" \/>\n\t<meta name=\"twitter:data1\" content=\"1 minute\" \/>\n<script type=\"application\/ld+json\" class=\"yoast-schema-graph\">{\"@context\":\"https:\/\/schema.org\",\"@graph\":[{\"@type\":\"WebPage\",\"@id\":\"https:\/\/www.luamira.com\/alle-events\/\",\"url\":\"https:\/\/www.luamira.com\/alle-events\/\",\"name\":\"Alle Events - Luamira: Your Night, your moment\",\"isPartOf\":{\"@id\":\"https:\/\/www.luamira.com\/#website\"},\"datePublished\":\"2025-09-08T09:48:58+00:00\",\"dateModified\":\"2025-11-25T21:45:58+00:00\",\"description\":\"Entdecke kreative Live-Online-Events f\u00fcr M\u00fctter: Selbstf\u00fcrsorge, Inspiration & Spa\u00df am Abend. Jetzt Event finden und deine Me-Time sichern!\",\"breadcrumb\":{\"@id\":\"https:\/\/www.luamira.com\/alle-events\/#breadcrumb\"},\"inLanguage\":\"en-US\",\"potentialAction\":[{\"@type\":\"ReadAction\",\"target\":[\"https:\/\/www.luamira.com\/alle-events\/\"]}]},{\"@type\":\"BreadcrumbList\",\"@id\":\"https:\/\/www.luamira.com\/alle-events\/#breadcrumb\",\"itemListElement\":[{\"@type\":\"ListItem\",\"position\":1,\"name\":\"Startseite\",\"item\":\"https:\/\/www.luamira.com\/\"},{\"@type\":\"ListItem\",\"position\":2,\"name\":\"Alle Events\"}]},{\"@type\":\"WebSite\",\"@id\":\"https:\/\/www.luamira.com\/#website\",\"url\":\"https:\/\/www.luamira.com\/\",\"name\":\"Luamira: Your Night, your moment\",\"description\":\"\",\"publisher\":{\"@id\":\"https:\/\/www.luamira.com\/#organization\"},\"potentialAction\":[{\"@type\":\"SearchAction\",\"target\":{\"@type\":\"EntryPoint\",\"urlTemplate\":\"https:\/\/www.luamira.com\/?s={search_term_string}\"},\"query-input\":{\"@type\":\"PropertyValueSpecification\",\"valueRequired\":true,\"valueName\":\"search_term_string\"}}],\"inLanguage\":\"en-US\"},{\"@type\":\"Organization\",\"@id\":\"https:\/\/www.luamira.com\/#organization\",\"name\":\"Luamira: Your Night, your moment\",\"url\":\"https:\/\/www.luamira.com\/\",\"logo\":{\"@type\":\"ImageObject\",\"inLanguage\":\"en-US\",\"@id\":\"https:\/\/www.luamira.com\/#\/schema\/logo\/image\/\",\"url\":\"https:\/\/www.luamira.com\/wp-content\/uploads\/2025\/09\/luamira-logo.png\",\"contentUrl\":\"https:\/\/www.luamira.com\/wp-content\/uploads\/2025\/09\/luamira-logo.png\",\"width\":300,\"height\":111,\"caption\":\"Luamira: Your Night, your moment\"},\"image\":{\"@id\":\"https:\/\/www.luamira.com\/#\/schema\/logo\/image\/\"}}]}<\/script>\n<!-- \/ Yoast SEO plugin. -->","yoast_head_json":{"title":"Alle Events - Luamira: Your Night, your moment","description":"Entdecke kreative Live-Online-Events f\u00fcr M\u00fctter: Selbstf\u00fcrsorge, Inspiration & Spa\u00df am Abend. Jetzt Event finden und deine Me-Time sichern!","robots":{"index":"index","follow":"follow","max-snippet":"max-snippet:-1","max-image-preview":"max-image-preview:large","max-video-preview":"max-video-preview:-1"},"canonical":"https:\/\/www.luamira.com\/en\/alle-events\/","og_locale":"en_US","og_type":"article","og_title":"Alle Events - Luamira: Your Night, your moment","og_description":"Entdecke kreative Live-Online-Events f\u00fcr M\u00fctter: Selbstf\u00fcrsorge, Inspiration & Spa\u00df am Abend. Jetzt Event finden und deine Me-Time sichern!","og_url":"https:\/\/www.luamira.com\/en\/alle-events\/","og_site_name":"Luamira: Your Night, your moment","article_modified_time":"2025-11-25T21:45:58+00:00","twitter_card":"summary_large_image","twitter_misc":{"Est. reading time":"1 minute"},"schema":{"@context":"https:\/\/schema.org","@graph":[{"@type":"WebPage","@id":"https:\/\/www.luamira.com\/alle-events\/","url":"https:\/\/www.luamira.com\/alle-events\/","name":"Alle Events - Luamira: Your Night, your moment","isPartOf":{"@id":"https:\/\/www.luamira.com\/#website"},"datePublished":"2025-09-08T09:48:58+00:00","dateModified":"2025-11-25T21:45:58+00:00","description":"Entdecke kreative Live-Online-Events f\u00fcr M\u00fctter: Selbstf\u00fcrsorge, Inspiration & Spa\u00df am Abend. Jetzt Event finden und deine Me-Time sichern!","breadcrumb":{"@id":"https:\/\/www.luamira.com\/alle-events\/#breadcrumb"},"inLanguage":"en-US","potentialAction":[{"@type":"ReadAction","target":["https:\/\/www.luamira.com\/alle-events\/"]}]},{"@type":"BreadcrumbList","@id":"https:\/\/www.luamira.com\/alle-events\/#breadcrumb","itemListElement":[{"@type":"ListItem","position":1,"name":"Startseite","item":"https:\/\/www.luamira.com\/"},{"@type":"ListItem","position":2,"name":"Alle Events"}]},{"@type":"WebSite","@id":"https:\/\/www.luamira.com\/#website","url":"https:\/\/www.luamira.com\/","name":"Luamira: Your Night, your moment","description":"","publisher":{"@id":"https:\/\/www.luamira.com\/#organization"},"potentialAction":[{"@type":"SearchAction","target":{"@type":"EntryPoint","urlTemplate":"https:\/\/www.luamira.com\/?s={search_term_string}"},"query-input":{"@type":"PropertyValueSpecification","valueRequired":true,"valueName":"search_term_string"}}],"inLanguage":"en-US"},{"@type":"Organization","@id":"https:\/\/www.luamira.com\/#organization","name":"Luamira: Your Night, your moment","url":"https:\/\/www.luamira.com\/","logo":{"@type":"ImageObject","inLanguage":"en-US","@id":"https:\/\/www.luamira.com\/#\/schema\/logo\/image\/","url":"https:\/\/www.luamira.com\/wp-content\/uploads\/2025\/09\/luamira-logo.png","contentUrl":"https:\/\/www.luamira.com\/wp-content\/uploads\/2025\/09\/luamira-logo.png","width":300,"height":111,"caption":"Luamira: Your Night, your moment"},"image":{"@id":"https:\/\/www.luamira.com\/#\/schema\/logo\/image\/"}}]}},"_links":{"self":[{"href":"https:\/\/www.luamira.com\/en\/wp-json\/wp\/v2\/pages\/291","targetHints":{"allow":["GET"]}}],"collection":[{"href":"https:\/\/www.luamira.com\/en\/wp-json\/wp\/v2\/pages"}],"about":[{"href":"https:\/\/www.luamira.com\/en\/wp-json\/wp\/v2\/types\/page"}],"author":[{"embeddable":true,"href":"https:\/\/www.luamira.com\/en\/wp-json\/wp\/v2\/users\/1"}],"replies":[{"embeddable":true,"href":"https:\/\/www.luamira.com\/en\/wp-json\/wp\/v2\/comments?post=291"}],"version-history":[{"count":41,"href":"https:\/\/www.luamira.com\/en\/wp-json\/wp\/v2\/pages\/291\/revisions"}],"predecessor-version":[{"id":1381,"href":"https:\/\/www.luamira.com\/en\/wp-json\/wp\/v2\/pages\/291\/revisions\/1381"}],"wp:attachment":[{"href":"https:\/\/www.luamira.com\/en\/wp-json\/wp\/v2\/media?parent=291"}],"curies":[{"name":"wp","href":"https:\/\/api.w.org\/{rel}","templated":true}]}}